{"id":832,"date":"2023-03-16T13:44:01","date_gmt":"2023-03-16T13:44:01","guid":{"rendered":"https:\/\/www.mariakieleczawa.pl\/?page_id=832"},"modified":"2023-03-16T13:44:01","modified_gmt":"2023-03-16T13:44:01","slug":"publikacje","status":"publish","type":"page","link":"https:\/\/www.mariakieleczawa.pl\/index.php\/publikacje\/","title":{"rendered":"Publikacje"},"content":{"rendered":"\n<p><strong>Maria Kieleczawa jest autork\u0105 lub wsp\u00f3\u0142atork\u0105 nast\u0119puj\u0105cych publikacji:<\/strong><\/p>\n\n\n\n<p>&#8211; Mi\u0119dzynarodowa Konferencja Naukowa \u201e Gdzie szum Prutu, Czeremoszu&#8230;Odkrywanie Huculszczyzny\u201d- wyk\u0142ad nt. \u201ePisanka huculska-obrz\u0119dowo\u015b\u0107, symbolika, ornamentyka\u201d- Uniwersytet Wroc\u0142awski \u20132005<\/p>\n\n\n\n<p>&#8211; Praca magisterska nt: &#8211; \u201eZarz\u0105dzanie prac\u0105 tw\u00f3rcz\u0105 na podstawie bada\u0144 w pracowni pisanek\u201d Akademia Ekonomiczna we Wroc\u0142awiu 2002<\/p>\n\n\n\n<p>&#8211; Projekty warsztat\u00f3w pisankowych- realizacja w \u015brodowisku wroc\u0142awskim- przedszkola, szko\u0142y, domy kultury, \u015bwietlice przyko\u015bcielne, o\u015brodki integracyjne, muzea od 1999 roku<\/p>\n\n\n\n<p>&#8211; Przygotowanie i prowadzenie warsztat\u00f3w dla uczni\u00f3w szk\u00f3\u0142 podstawowych pt. \u201ePisanki-Zachwycanki\u201d- Nowy Targ 2008<\/p>\n\n\n\n<p>&#8211; W ksi\u0105\u017cce \u201eHuculszczyzna Kultura i Edukacja\u201d pod redakcj\u0105 Anny Haratyk Uniwersytet Wroc\u0142awski 2009, jest m\u00f3j rozdzia\u0142 pt: \u201e<em>Pisanka huculska-obrz\u0119dowo\u015b\u0107, symbolika, ornamentyka\u201d<\/em><\/p>\n\n\n\n<p><strong>Opinie i recenzje o &nbsp;jej tw\u00f3rczo\u015bci ludowej wyda\u0142y instytucje:<\/strong><\/p>\n\n\n\n<p>&#8211; Muzeum Etnograficzne we Wroc\u0142awiu, Akademia Sztuk Pi\u0119knych we Wroc\u0142awiu, Uniwersytet Wroc\u0142awski \u2013 Kulturoznawstwo oraz Przewodnicz\u0105cy Powiatu Gorlickiego<\/p>\n\n\n\n<p><strong>Jej tw\u00f3rczo\u015b\u0107 ludowa zosta\u0142a opisana w ksi\u0105\u017ckach:<\/strong><\/p>\n\n\n\n<p>&#8211; &nbsp;Irena Stasiewicz- Jasiukowa: \u201ePisanki sercu mi\u0142e\u201d- O ich tw\u00f3rcach, tajemnicach barwienia i o technikach zdobienictwa.2003<\/p>\n\n\n\n<p>&#8211;&nbsp;Irena Stasiewicz- Jasiukowa: \u201ePisanki Kresowe w zbiorach Muzeum Pisanki w Ciechanowcu\u201d. Ciechanowiec 2007<\/p>\n\n\n\n<p>&#8211;&nbsp;Encyklopedia \u201e Who is Who w Polsce 2003\u201d-biogram<\/p>\n\n\n\n<p><strong>Na temat jej tw\u00f3rczo\u015bci ukaza\u0142o si\u0119 wiele artyku\u0142\u00f3w w prasie i czasopismach:<\/strong><\/p>\n\n\n\n<p>&#8211; Tw\u00f3rczo\u015b\u0107 Ludowa- Kwartalnik Stowarzyszenia Tw\u00f3rc\u00f3w Ludowych\u201d 2006, 2009.<\/p>\n\n\n\n<p>&#8211; S\u0142owo polskie, 04.1998.<\/p>\n\n\n\n<p>&#8211; Watra\u201d- kwartalnik wydany przez Zarz\u0105d G\u0142\u00f3wny Zjednoczenia \u0141emk\u00f3w w Polsce-1999, 2002, 2004.<\/p>\n\n\n\n<p>&#8211; Wiecz\u00f3r Wroc\u0142awia&#8221;1.VIII.2000 \u201e Marsza\u0142ek doceni\u0142 pisanki\u201d.<\/p>\n\n\n\n<p>&#8211; Gazeta wyborcza, \u201eHuculskie pisanki w Merkurym\u201d, 04. 2000<\/p>\n\n\n\n<p>&#8211; Gazeta wroc\u0142awska, \u201e Huculskie pisanki &#8211;&nbsp; z Muzeum Etnograficznego do Niemiec\u201d, 10.04.2000<\/p>\n\n\n\n<p>&#8211; Wiecz\u00f3r Wroc\u0142awia \u2013 \u201eNa jajku malowane\u201d, 10.04.2000<\/p>\n\n\n\n<p>&#8211; Gazeta Wyborcza \u2013 \u201e Mary\u015b, czemu nie Ty\u201d, 19.04.2000<\/p>\n\n\n\n<p>&#8211; Wiecz\u00f3r Wroc\u0142awia \u2013 \u201e Grand Prix za pisanki\u201d \u2013 15.05.2000<\/p>\n\n\n\n<p>&#8211; Wiecz\u00f3r Wroc\u0142awia 23-25.III.2001 \u201ePisanki z Wroc\u0142awia w Dre\u017anie\u201d<\/p>\n\n\n\n<p>&#8211; Kurier Gmin, 04.2001<\/p>\n\n\n\n<p>&#8211; Wiecz\u00f3r Wroc\u0142awia 6-8.IV.2001 \u201eWenus po trzydziestce \u2013 Malowania uczy\u0142a mnie babcia\u201d<\/p>\n\n\n\n<p>&#8211; Gmina i powiat \u2013 miesi\u0119cznik 3 &#8211; 4, 2001<\/p>\n\n\n\n<p>&#8211; Gazeta krakowska, \u201e W dworze Karwacjan\u00f3w, \u0142emkowskie pisanki\u201d, 05.2002<\/p>\n\n\n\n<p>&#8211; Nasze okienko- miesi\u0119cznik kwiecie\u0144 2003 numer 11<\/p>\n\n\n\n<p>&#8211; Wiecz\u00f3r Wroc\u0142awia 7.04.2003 Ambasador polskiej tradycji\u201d<\/p>\n\n\n\n<p>&#8211; Kaleidoscope \u2013 magzayn pok\u0142adowy PLL LOT SA, &#8211;&nbsp; 04.2004<\/p>\n\n\n\n<p>&#8211; S\u0142owo Polskie- Gazeta Wroc\u0142awska 24.05.2004 \u201eCepeliada przed igrzyskami\u201d<\/p>\n\n\n\n<p>&#8211; S\u0142owo Polskie-Gazeta Wroc\u0142awska 8.07.2004 \u201eHucu\u0142ka z blokowiska\u201d<\/p>\n\n\n\n<p>&#8211;&nbsp;Dziennik nowos\u0105decki \u2013 07.2005<\/p>\n\n\n\n<p>&#8211;&nbsp;Gazeta Wyborcza 24.03.2005 \u201eJaja z \u0141emkowyny\u201d<\/p>\n\n\n\n<p>&#8211;&nbsp;Gazeta Wyborcza-Warszawa 30.05.2007 \u201eWielkanocne Jajka\u201d<\/p>\n\n\n\n<p>&#8211;&nbsp;Gazeta Po\u0142udniowa kwiecie\u0144 2008-\u201eWielkanocnie w Promyku\u201d<\/p>\n\n\n\n<p>&#8211;&nbsp;Dziennik Toru\u0144ski Nowo\u015bci \u2013 \u201e Huculski spos\u00f3b na superpisank\u0119\u201d 10.04.2009<\/p>\n","protected":false},"excerpt":{"rendered":"<p>Maria Kieleczawa jest autork\u0105 lub wsp\u00f3\u0142atork\u0105 nast\u0119puj\u0105cych publikacji: &#8211; Mi\u0119dzynarodowa Konferencja Naukowa \u201e Gdzie szum Prutu, Czeremoszu&#8230;Odkrywanie Huculszczyzny\u201d- wyk\u0142ad nt. \u201ePisanka huculska-obrz\u0119dowo\u015b\u0107, symbolika, ornamentyka\u201d- Uniwersytet Wroc\u0142awski \u20132005 &#8211; Praca magisterska nt: &#8211; \u201eZarz\u0105dzanie prac\u0105 tw\u00f3rcz\u0105 na podstawie bada\u0144 w pracowni pisanek\u201d Akademia Ekonomiczna we Wroc\u0142awiu 2002 &#8211; Projekty warsztat\u00f3w pisankowych- realizacja w \u015brodowisku wroc\u0142awskim- przedszkola,&hellip;&nbsp;<a href=\"https:\/\/www.mariakieleczawa.pl\/index.php\/publikacje\/\" rel=\"bookmark\">Dowiedz si\u0119 wi\u0119cej &raquo;<span class=\"screen-reader-text\">Publikacje<\/span><\/a><\/p>\n","protected":false},"author":1,"featured_media":0,"parent":0,"menu_order":0,"comment_status":"closed","ping_status":"closed","template":"","meta":{"neve_meta_sidebar":"","neve_meta_container":"","neve_meta_enable_content_width":"","neve_meta_content_width":0,"neve_meta_title_alignment":"","neve_meta_author_avatar":"","neve_post_elements_order":"","neve_meta_disable_header":"","neve_meta_disable_footer":"","neve_meta_disable_title":"","_themeisle_gutenberg_block_has_review":false,"footnotes":""},"class_list":["post-832","page","type-page","status-publish","hentry"],"_links":{"self":[{"href":"https:\/\/www.mariakieleczawa.pl\/index.php\/wp-json\/wp\/v2\/pages\/832","targetHints":{"allow":["GET"]}}],"collection":[{"href":"https:\/\/www.mariakieleczawa.pl\/index.php\/wp-json\/wp\/v2\/pages"}],"about":[{"href":"https:\/\/www.mariakieleczawa.pl\/index.php\/wp-json\/wp\/v2\/types\/page"}],"author":[{"embeddable":true,"href":"https:\/\/www.mariakieleczawa.pl\/index.php\/wp-json\/wp\/v2\/users\/1"}],"replies":[{"embeddable":true,"href":"https:\/\/www.mariakieleczawa.pl\/index.php\/wp-json\/wp\/v2\/comments?post=832"}],"version-history":[{"count":1,"href":"https:\/\/www.mariakieleczawa.pl\/index.php\/wp-json\/wp\/v2\/pages\/832\/revisions"}],"predecessor-version":[{"id":833,"href":"https:\/\/www.mariakieleczawa.pl\/index.php\/wp-json\/wp\/v2\/pages\/832\/revisions\/833"}],"wp:attachment":[{"href":"https:\/\/www.mariakieleczawa.pl\/index.php\/wp-json\/wp\/v2\/media?parent=832"}],"curies":[{"name":"wp","href":"https:\/\/api.w.org\/{rel}","templated":true}]}}